{"id":71,"date":"2023-03-31T02:31:06","date_gmt":"2023-03-31T02:31:06","guid":{"rendered":"https:\/\/demo.bravisthemes.com\/foodio\/?page_id=71"},"modified":"2023-08-30T21:04:45","modified_gmt":"2023-08-30T20:04:45","slug":"contact-us","status":"publish","type":"page","link":"https:\/\/luxfood.lv\/lv\/contact-us\/","title":{"rendered":"Sazinies ar mums"},"content":{"rendered":"<div data-elementor-type=\"wp-page\" data-elementor-id=\"71\" class=\"elementor elementor-71\">\n\t\t\t\t\t\t\t        <section class=\"elementor-section elementor-top-section elementor-element elementor-element-34148b3 elementor-section-stretched elementor-section-boxed elementor-section-height-default elementor-section-height-default pxl-row-scroll-none pxl-bg-color-none pxl-section-overlay-none\" data-id=\"34148b3\" data-element_type=\"section\" data-settings=\"{&quot;stretch_section&quot;:&quot;section-stretched&quot;}\">\n\n                \n                <div class=\"elementor-container elementor-column-gap-extended\">\n                <div class=\"elementor-column elementor-col-50 elementor-top-column elementor-element elementor-element-56502b9 pxl-column-none\" data-id=\"56502b9\" data-element_type=\"column\">\r\n            <div class=\"elementor-widget-wrap elementor-element-populated\">\r\n                                    \t\t<div class=\"elementor-element elementor-element-2c6b840 elementor-widget elementor-widget-pxl_heading\" data-id=\"2c6b840\" data-element_type=\"widget\" data-widget_type=\"pxl_heading.default\">\n\t\t\t\t<div class=\"elementor-widget-container\">\n\t\t\t<div id=\"pxl-pxl_heading-2c6b840-9377\" class=\"pxl-heading px-sub-title-default-style\">\n\t<div class=\"pxl-heading--inner\">\n\t\t\n\t\t\n\t\t<h2 class=\"pxl-item--title\" data-wow-delay=\"ms\">\n\t\t\t\t\t\t\t\t<span class=\"pxl-item--text\">\n\t\t\t            <span class=\"pxl-text--slide\"><span class=\"wow letter\">Sazinies<\/span><\/span> <span class=\"pxl-text--slide\"><span class=\"wow letter\">ar mums<\/span><\/span>\t\t\t        <\/span>\n\t\t\t\t\t\t\n\t\t<\/h2>\n\n\t\t\n\t\t\n\t\t\t\t\n\t<\/div>\n<\/div>\t\t<\/div>\n\t\t\t\t<\/div>\n\t\t        <section class=\"elementor-section elementor-inner-section elementor-element elementor-element-449b1d8 elementor-section-boxed elementor-section-height-default elementor-section-height-default pxl-row-scroll-none pxl-bg-color-none pxl-section-overlay-none\" data-id=\"449b1d8\" data-element_type=\"section\">\n\n                \n                <div class=\"elementor-container elementor-column-gap-extended\">\n                <div class=\"elementor-column elementor-col-50 elementor-inner-column elementor-element elementor-element-3ad567d pxl-column-none\" data-id=\"3ad567d\" data-element_type=\"column\">\r\n            <div class=\"elementor-widget-wrap elementor-element-populated\">\r\n                                    \t\t<div class=\"elementor-element elementor-element-40b1012 elementor-invisible elementor-widget elementor-widget-pxl_icon_box\" data-id=\"40b1012\" data-element_type=\"widget\" data-settings=\"{&quot;_animation&quot;:&quot;fadeIn&quot;,&quot;_animation_delay&quot;:200}\" data-widget_type=\"pxl_icon_box.default\">\n\t\t\t\t<div class=\"elementor-widget-container\">\n\t\t\t<div class=\"pxl-icon-box pxl-icon-box2\" data-wow-delay=\"ms\">\r\n    <div class=\"pxl-item--inner\">\r\n                    <div class=\"pxl-item--icon\">\r\n                <i aria-hidden=\"true\" class=\"far fa-phone-alt\"><\/i>            <\/div>\r\n                        <div class=\"pxl-item--holder\">\r\n            <div class=\"pxl-item--description el-empty\">Lai pas\u016bt\u012btu<\/div>\r\n            <a >\r\n                <h5 class=\"pxl-item--title el-empty\">+371 27 777 763<\/h5>\r\n            <\/a>\r\n        <\/div>\r\n    <\/div>\r\n<\/div>\t\t<\/div>\n\t\t\t\t<\/div>\n\t\t\t\t\t<\/div>\n\t\t<\/div>\n\t\t        <div class=\"elementor-column elementor-col-50 elementor-inner-column elementor-element elementor-element-774ce40 pxl-column-none\" data-id=\"774ce40\" data-element_type=\"column\">\r\n            <div class=\"elementor-widget-wrap elementor-element-populated\">\r\n                                    \t\t<div class=\"elementor-element elementor-element-51dc972 elementor-invisible elementor-widget elementor-widget-pxl_icon_box\" data-id=\"51dc972\" data-element_type=\"widget\" data-settings=\"{&quot;_animation&quot;:&quot;fadeIn&quot;,&quot;_animation_delay&quot;:300}\" data-widget_type=\"pxl_icon_box.default\">\n\t\t\t\t<div class=\"elementor-widget-container\">\n\t\t\t<div class=\"pxl-icon-box pxl-icon-box2\" data-wow-delay=\"ms\">\r\n    <div class=\"pxl-item--inner\">\r\n                    <div class=\"pxl-item--icon\">\r\n                <i aria-hidden=\"true\" class=\"far fa-mail-bulk\"><\/i>            <\/div>\r\n                        <div class=\"pxl-item--holder\">\r\n            <div class=\"pxl-item--description el-empty\">Info<\/div>\r\n            <a href=\"mailto:luxkebab@inbox.lv\">\r\n                <h5 class=\"pxl-item--title el-empty\">LUXKEBAB@INBOX.LV<\/h5>\r\n            <\/a>\r\n        <\/div>\r\n    <\/div>\r\n<\/div>\t\t<\/div>\n\t\t\t\t<\/div>\n\t\t\t\t\t<\/div>\n\t\t<\/div>\n\t\t\t\t\t\t\t<\/div>\n\t\t<\/section>\n\t\t\t\t<div class=\"elementor-element elementor-element-c50d542 elementor-invisible elementor-widget elementor-widget-google_maps\" data-id=\"c50d542\" data-element_type=\"widget\" data-settings=\"{&quot;_animation&quot;:&quot;fadeIn&quot;,&quot;_animation_delay&quot;:400}\" data-widget_type=\"google_maps.default\">\n\t\t\t\t<div class=\"elementor-widget-container\">\n\t\t\t<style>\/*! elementor - v3.15.0 - 09-08-2023 *\/\n.elementor-widget-google_maps .elementor-widget-container{overflow:hidden}.elementor-widget-google_maps .elementor-custom-embed{line-height:0}.elementor-widget-google_maps iframe{height:300px}<\/style>\t\t<div class=\"elementor-custom-embed\">\n\t\t\t<iframe loading=\"lazy\"\n\t\t\t\t\tsrc=\"https:\/\/maps.google.com\/maps?q=Kadaga%209&#038;t=m&#038;z=15&#038;output=embed&#038;iwloc=near\"\n\t\t\t\t\ttitle=\"Kadaga 9\"\n\t\t\t\t\taria-label=\"Kadaga 9\"\n\t\t\t><\/iframe>\n\t\t<\/div>\n\t\t\t\t<\/div>\n\t\t\t\t<\/div>\n\t\t\t\t\t<\/div>\n\t\t<\/div>\n\t\t        <div class=\"elementor-column elementor-col-50 elementor-top-column elementor-element elementor-element-2988f0c pxl-column-none\" data-id=\"2988f0c\" data-element_type=\"column\">\r\n            <div class=\"elementor-widget-wrap elementor-element-populated\">\r\n                                    \t\t<div class=\"elementor-element elementor-element-4f48a77 elementor-widget elementor-widget-pxl_heading\" data-id=\"4f48a77\" data-element_type=\"widget\" data-widget_type=\"pxl_heading.default\">\n\t\t\t\t<div class=\"elementor-widget-container\">\n\t\t\t<div id=\"pxl-pxl_heading-4f48a77-5956\" class=\"pxl-heading px-sub-title-default-style\">\n\t<div class=\"pxl-heading--inner\">\n\t\t\n\t\t\n\t\t<h2 class=\"pxl-item--title\" data-wow-delay=\"ms\">\n\t\t\t\t\t\t\t\t<span class=\"pxl-item--text\">\n\t\t\t            <span class=\"pxl-text--slide\"><span class=\"wow letter\">Uz\u0146\u0113muma<\/span><\/span> <span class=\"pxl-text--slide\"><span class=\"wow letter\">Rekviz\u012bti<\/span><\/span>\t\t\t        <\/span>\n\t\t\t\t\t\t\n\t\t<\/h2>\n\n\t\t\n\t\t\n\t\t\t\t\n\t<\/div>\n<\/div>\t\t<\/div>\n\t\t\t\t<\/div>\n\t\t\t\t<div class=\"elementor-element elementor-element-9622e02 elementor-invisible elementor-widget elementor-widget-pxl_text_editor\" data-id=\"9622e02\" data-element_type=\"widget\" data-settings=\"{&quot;_animation&quot;:&quot;fadeIn&quot;,&quot;_animation_delay&quot;:200}\" data-widget_type=\"pxl_text_editor.default\">\n\t\t\t\t<div class=\"elementor-widget-container\">\n\t\t\t<div class=\"pxl-text-editor\">\n\t<div class=\"pxl-item--inner\" data-wow-delay=\"ms\">\n\t\t<p>SIA \u201eAXI PACK\u201d<\/p><p>Kalna iela 19D, Balvu stacija, Kubulu pag., Balvu nov., LV-4566,<\/p><p>Re\u0123 nr. 40203084178<\/p><p>Adrese: Me\u017eav\u0113ju iela 1, Kadaga, \u0100da\u017eu pagasts, \u0100da\u017eu novads, LV-2103, Latvija<\/p><p>Banka : A\/S \u201eSEB banka\u201d<\/p><p>S.W.I.F.T kods : UNLALV2X<\/p><p>Konta nr.: LV16UNLA0055000211077<\/p><p>E-Pasts: luxkebab@inbox.lv<\/p><p>T\u0101lrunis +37129178659<\/p><p>\u012apa\u0161nieks Ivars Bodrovs<\/p>\t\t\n\t<\/div>\n<\/div>\t\t<\/div>\n\t\t\t\t<\/div>\n\t\t\t\t\t<\/div>\n\t\t<\/div>\n\t\t\t\t\t\t\t<\/div>\n\t\t<\/section>\n\t\t        <section class=\"elementor-section elementor-top-section elementor-element elementor-element-a519428 elementor-section-stretched elementor-section-boxed elementor-section-height-default elementor-section-height-default pxl-row-scroll-none pxl-bg-color-none pxl-section-overlay-none\" data-id=\"a519428\" data-element_type=\"section\" data-settings=\"{&quot;stretch_section&quot;:&quot;section-stretched&quot;}\">\n\n                \n                <div class=\"elementor-container elementor-column-gap-extended\">\n                <div class=\"elementor-column elementor-col-100 elementor-top-column elementor-element elementor-element-1a054f6 pxl-column-none\" data-id=\"1a054f6\" data-element_type=\"column\">\r\n            <div class=\"elementor-widget-wrap\">\r\n                                    \t\t\t<\/div>\n\t\t<\/div>\n\t\t\t\t\t\t\t<\/div>\n\t\t<\/section>\n\t\t        <section class=\"elementor-section elementor-top-section elementor-element elementor-element-45e9147 elementor-section-stretched elementor-section-full_width elementor-section-height-default elementor-section-height-default pxl-row-scroll-none pxl-full-content-with-space-none pxl-bg-color-none pxl-section-overlay-none\" data-id=\"45e9147\" data-element_type=\"section\" data-settings=\"{&quot;stretch_section&quot;:&quot;section-stretched&quot;}\">\n\n                \n                <div class=\"elementor-container elementor-column-gap-default\">\n                <div class=\"elementor-column elementor-col-100 elementor-top-column elementor-element elementor-element-a8186fb pxl-column-none\" data-id=\"a8186fb\" data-element_type=\"column\">\r\n            <div class=\"elementor-widget-wrap elementor-element-populated\">\r\n                                            <section class=\"elementor-section elementor-inner-section elementor-element elementor-element-1c96c25 elementor-section-boxed elementor-section-height-default elementor-section-height-default pxl-row-scroll-none pxl-bg-color-none pxl-section-overlay-none\" data-id=\"1c96c25\" data-element_type=\"section\" data-settings=\"{&quot;background_background&quot;:&quot;classic&quot;}\">\n\n                \n                <div class=\"elementor-container elementor-column-gap-narrow\">\n                <div class=\"elementor-column elementor-col-50 elementor-inner-column elementor-element elementor-element-50dee53 pxl-column-none elementor-invisible\" data-id=\"50dee53\" data-element_type=\"column\" data-settings=\"{&quot;animation&quot;:&quot;fadeIn&quot;,&quot;animation_delay&quot;:200}\">\r\n            <div class=\"elementor-widget-wrap elementor-element-populated\">\r\n                                    \t\t<div class=\"elementor-element elementor-element-61b41c6 elementor-widget elementor-widget-pxl_text_editor\" data-id=\"61b41c6\" data-element_type=\"widget\" data-widget_type=\"pxl_text_editor.default\">\n\t\t\t\t<div class=\"elementor-widget-container\">\n\t\t\t<div class=\"pxl-text-editor\">\n\t<div class=\"pxl-item--inner\" data-wow-delay=\"ms\">\n\t\t<p>B\u0101rs<\/p>\t\t\n\t<\/div>\n<\/div>\t\t<\/div>\n\t\t\t\t<\/div>\n\t\t\t\t<div class=\"elementor-element elementor-element-885e542 elementor-widget elementor-widget-pxl_heading\" data-id=\"885e542\" data-element_type=\"widget\" data-widget_type=\"pxl_heading.default\">\n\t\t\t\t<div class=\"elementor-widget-container\">\n\t\t\t<div id=\"pxl-pxl_heading-885e542-8689\" class=\"pxl-heading px-sub-title-default-style\">\n\t<div class=\"pxl-heading--inner\">\n\t\t\n\t\t\t\t\t<div class=\"pxl-item--subtitle px-sub-title-default\" data-wow-delay=\"ms\">\n\t\t\t\t<span class=\"pxl-item--subtext\">\n\t\t\t\t\t12pm - 11pm\t\t\t\t<\/span>\n\t\t\t<\/div>\n\t\t\n\t\t<h6 class=\"pxl-item--title\" data-wow-delay=\"ms\">\n\t\t\tKatru dienu\t\t\n\t\t<\/h6>\n\n\t\t\n\t\t\n\t\t\t\t\n\t<\/div>\n<\/div>\t\t<\/div>\n\t\t\t\t<\/div>\n\t\t\t\t\t<\/div>\n\t\t<\/div>\n\t\t        <div class=\"elementor-column elementor-col-50 elementor-inner-column elementor-element elementor-element-ff225b6 pxl-column-none elementor-invisible\" data-id=\"ff225b6\" data-element_type=\"column\" data-settings=\"{&quot;animation&quot;:&quot;fadeIn&quot;,&quot;animation_delay&quot;:400}\">\r\n            <div class=\"elementor-widget-wrap elementor-element-populated\">\r\n                                    \t\t<div class=\"elementor-element elementor-element-3e763d2 elementor-widget elementor-widget-pxl_text_editor\" data-id=\"3e763d2\" data-element_type=\"widget\" data-widget_type=\"pxl_text_editor.default\">\n\t\t\t\t<div class=\"elementor-widget-container\">\n\t\t\t<div class=\"pxl-text-editor\">\n\t<div class=\"pxl-item--inner\" data-wow-delay=\"ms\">\n\t\t<p>Virtuve<\/p>\t\t\n\t<\/div>\n<\/div>\t\t<\/div>\n\t\t\t\t<\/div>\n\t\t\t\t<div class=\"elementor-element elementor-element-98547a2 elementor-widget elementor-widget-pxl_heading\" data-id=\"98547a2\" data-element_type=\"widget\" data-widget_type=\"pxl_heading.default\">\n\t\t\t\t<div class=\"elementor-widget-container\">\n\t\t\t<div id=\"pxl-pxl_heading-98547a2-2666\" class=\"pxl-heading px-sub-title-default-style\">\n\t<div class=\"pxl-heading--inner\">\n\t\t\n\t\t\t\t\t<div class=\"pxl-item--subtitle px-sub-title-default\" data-wow-delay=\"ms\">\n\t\t\t\t<span class=\"pxl-item--subtext\">\n\t\t\t\t\t11:30am - 11pm\t\t\t\t<\/span>\n\t\t\t<\/div>\n\t\t\n\t\t<h6 class=\"pxl-item--title\" data-wow-delay=\"ms\">\n\t\t\tKatru dienu\t\t\n\t\t<\/h6>\n\n\t\t\n\t\t\n\t\t\t\t\n\t<\/div>\n<\/div>\t\t<\/div>\n\t\t\t\t<\/div>\n\t\t\t\t\t<\/div>\n\t\t<\/div>\n\t\t\t\t\t\t\t<\/div>\n\t\t<\/section>\n\t\t\t\t\t<\/div>\n\t\t<\/div>\n\t\t\t\t\t\t\t<\/div>\n\t\t<\/section>\n\t\t\t\t\t\t\t<\/div>","protected":false},"excerpt":{"rendered":"<p>Contact us To order +371 27 777 763 For any other concerns LUXKEBAB@INBOX.LV Company details SIA \u201eAXI PACK\u201d Kalna iela 19D, Balvu stacija, Kubulu pag., Balvu nov., LV-4566, Registration number 40203084178 Actual adress: Me\u017eav\u0113ju iela 1, Kadaga, \u0100da\u017eu pagasts, \u0100da\u017eu novads, LV-2103, Latvija Bank : A\/S \u201eSEB banka\u201d S.W.I.F.T code: UNLALV2X Account: LV16UNLA0055000211077 E-Mail: luxkebab@inbox.lv [&hellip;]<\/p>","protected":false},"author":1,"featured_media":0,"parent":0,"menu_order":0,"comment_status":"closed","ping_status":"closed","template":"","meta":{"om_disable_all_campaigns":false},"aioseo_notices":[],"_links":{"self":[{"href":"https:\/\/luxfood.lv\/lv\/wp-json\/wp\/v2\/pages\/71"}],"collection":[{"href":"https:\/\/luxfood.lv\/lv\/wp-json\/wp\/v2\/pages"}],"about":[{"href":"https:\/\/luxfood.lv\/lv\/wp-json\/wp\/v2\/types\/page"}],"author":[{"embeddable":true,"href":"https:\/\/luxfood.lv\/lv\/wp-json\/wp\/v2\/users\/1"}],"replies":[{"embeddable":true,"href":"https:\/\/luxfood.lv\/lv\/wp-json\/wp\/v2\/comments?post=71"}],"version-history":[{"count":21,"href":"https:\/\/luxfood.lv\/lv\/wp-json\/wp\/v2\/pages\/71\/revisions"}],"predecessor-version":[{"id":4763,"href":"https:\/\/luxfood.lv\/lv\/wp-json\/wp\/v2\/pages\/71\/revisions\/4763"}],"wp:attachment":[{"href":"https:\/\/luxfood.lv\/lv\/wp-json\/wp\/v2\/media?parent=71"}],"curies":[{"name":"wp","href":"https:\/\/api.w.org\/{rel}","templated":true}]}}