{"id":4527,"date":"2023-08-08T19:16:42","date_gmt":"2023-08-08T18:16:42","guid":{"rendered":"https:\/\/luxfood.lv\/?page_id=4527"},"modified":"2023-08-16T16:34:59","modified_gmt":"2023-08-16T15:34:59","slug":"terms-of-service","status":"publish","type":"page","link":"https:\/\/luxfood.lv\/lv\/terms-of-service\/","title":{"rendered":"Lieto\u0161anas nosac\u012bjumi"},"content":{"rendered":"<div data-elementor-type=\"wp-page\" data-elementor-id=\"4527\" class=\"elementor elementor-4527\">\n\t\t\t\t\t\t\t        <section class=\"elementor-section elementor-top-section elementor-element elementor-element-c278f74 elementor-section-height-min-height elementor-section-boxed elementor-section-height-default elementor-section-items-middle pxl-row-scroll-none pxl-bg-color-none pxl-section-overlay-none\" data-id=\"c278f74\" data-element_type=\"section\">\n\n                \n                <div class=\"elementor-container elementor-column-gap-default\">\n                <div class=\"elementor-column elementor-col-100 elementor-top-column elementor-element elementor-element-cd65dd0 pxl-column-none\" data-id=\"cd65dd0\" data-element_type=\"column\">\r\n            <div class=\"elementor-widget-wrap elementor-element-populated\">\r\n                                    \t\t<div class=\"elementor-element elementor-element-4e53f66 elementor-widget elementor-widget-pxl_heading\" data-id=\"4e53f66\" data-element_type=\"widget\" data-widget_type=\"pxl_heading.default\">\n\t\t\t\t<div class=\"elementor-widget-container\">\n\t\t\t<div id=\"pxl-pxl_heading-4e53f66-6197\" class=\"pxl-heading px-sub-title-default-style\">\n\t<div class=\"pxl-heading--inner\">\n\t\t\n\t\t\n\t\t<h2 class=\"pxl-item--title\" data-wow-delay=\"200ms\">\n\t\t\t\t\t\t\t\t<span class=\"pxl-item--text\">\n\t\t\t            <span class=\"pxl-text--slide\"><span class=\"wow letter\">Pakalpojumu<\/span><\/span> <span class=\"pxl-text--slide\"><span class=\"wow letter\">Noteikumi\n\n<\/span><\/span>\t\t\t        <\/span>\n\t\t\t\t\t\t\n\t\t<\/h2>\n\n\t\t\n\t\t\n\t\t\t\t\n\t<\/div>\n<\/div>\t\t<\/div>\n\t\t\t\t<\/div>\n\t\t\t\t\t<\/div>\n\t\t<\/div>\n\t\t\t\t\t\t\t<\/div>\n\t\t<\/section>\n\t\t        <section class=\"elementor-section elementor-top-section elementor-element elementor-element-d264c8f elementor-section-boxed elementor-section-height-default elementor-section-height-default pxl-row-scroll-none pxl-bg-color-none pxl-section-overlay-none\" data-id=\"d264c8f\" data-element_type=\"section\">\n\n                \n                <div class=\"elementor-container elementor-column-gap-default\">\n                <div class=\"elementor-column elementor-col-100 elementor-top-column elementor-element elementor-element-2a12b12 pxl-column-none\" data-id=\"2a12b12\" data-element_type=\"column\">\r\n            <div class=\"elementor-widget-wrap elementor-element-populated\">\r\n                                    \t\t<div class=\"elementor-element elementor-element-9f9c0f6 elementor-widget elementor-widget-text-editor\" data-id=\"9f9c0f6\" data-element_type=\"widget\" data-widget_type=\"text-editor.default\">\n\t\t\t\t<div class=\"elementor-widget-container\">\n\t\t\t<style>\/*! elementor - v3.15.0 - 09-08-2023 *\/\n.elementor-widget-text-editor.elementor-drop-cap-view-stacked .elementor-drop-cap{background-color:#69727d;color:#fff}.elementor-widget-text-editor.elementor-drop-cap-view-framed .elementor-drop-cap{color:#69727d;border:3px solid;background-color:transparent}.elementor-widget-text-editor:not(.elementor-drop-cap-view-default) .elementor-drop-cap{margin-top:8px}.elementor-widget-text-editor:not(.elementor-drop-cap-view-default) .elementor-drop-cap-letter{width:1em;height:1em}.elementor-widget-text-editor .elementor-drop-cap{float:left;text-align:center;line-height:1;font-size:50px}.elementor-widget-text-editor .elementor-drop-cap-letter{display:inline-block}<\/style>\t\t\t\t<p><strong>Pakalpojumu Noteikumi<\/strong><\/p><p>P\u0113d\u0113j\u0101s izmai\u0146as: 16.08.2023<\/p><p>Sveicin\u0101ti vietn\u0113 luxfood.lv! \u0160ie Pakalpojumu Noteikumi (turpm\u0101k &#8211; &#8220;Noteikumi&#8221;) nosaka nosac\u012bjumus un noteikumus, k\u0101d\u0101 veid\u0101 j\u016bs izmantojat un piek\u013c\u016bstat m\u016bsu pakalpojumiem, kas pieejami m\u0101jaslap\u0101 luxfood.lv, kas pieder SIA &#8220;AXI PACK&#8221;. L\u016bdzu, uzman\u012bgi izlasiet \u0161os Noteikumus, jo tie nosaka j\u016bsu saist\u012bbas un ties\u012bbas m\u016bsu m\u0101jaslapas izmanto\u0161an\u0101.<\/p><p><strong>1. Piek\u013cuve un Izmanto\u0161ana<\/strong><\/p><p>1.1. Izmantojot m\u016bsu m\u0101jaslapu un pakalpojumus, j\u016bs piekr\u012btat iev\u0113rot \u0161os Noteikumus un visus attiec\u012bgos likumus un regul\u0113jumus.<\/p><p>1.2. J\u016bs piekr\u012btat izmantot m\u016bsu pakalpojumus tikai likum\u012bgiem nol\u016bkiem un neizmantot tos veicot nelikum\u012bgas vai negod\u012bgas darb\u012bbas.<\/p><p><strong>2. Autorties\u012bbas un Intelektu\u0101lais \u012apa\u0161ums<\/strong><\/p><p>2.1. Visi m\u016bsu m\u0101jaslap\u0101 eso\u0161ie teksti, att\u0113li, grafika, logotipi un citi materi\u0101li ir m\u016bsu intelektu\u0101ls \u012bpa\u0161ums un ir aizsarg\u0101ti ar autorties\u012bb\u0101m.<\/p><p>2.2. J\u016bs piekr\u012btat neizmantot, kop\u0113t, reproduc\u0113t vai izplat\u012bt m\u016bsu intelektu\u0101l\u0101 \u012bpa\u0161uma materi\u0101lus bez m\u016bsu skaidras un rakstiskas piekri\u0161anas.<\/p><p><strong>3. Priv\u0101tuma Politika<\/strong><\/p><p>3.1. J\u016bs piekr\u012btat iev\u0113rot m\u016bsu Priv\u0101tuma Politiku, kas reglament\u0113, k\u0101 m\u0113s apkopojam, izmantojam un aizsarg\u0101jam j\u016bsu personisko inform\u0101ciju.<\/p><p><strong>4. Atbild\u012bba un Atbild\u012bbas Ierobe\u017eojumi<\/strong><\/p><p>4.1. M\u0113s dar\u0101m visu iesp\u0113jamo, lai nodro\u0161in\u0101tu m\u0101jaslapas darb\u012bbu un inform\u0101cijas precizit\u0101ti, ta\u010du m\u0113s neuz\u0146emamies atbild\u012bbu par iesp\u0113jam\u0101m k\u013c\u016bd\u0101m vai neprecizit\u0101t\u0113m.<\/p><p>4.2. J\u016bs izmantojat m\u016bsu pakalpojumus uz savu risku. M\u0113s neuz\u0146emamies atbild\u012bbu par jebk\u0101du tie\u0161u vai netie\u0161u zaud\u0113jumu, kas rodas m\u0101jaslapas izmanto\u0161anas rezult\u0101t\u0101.<\/p><p><strong>5. P\u0101rmai\u0146as Noteikumos<\/strong><\/p><p>5.1. M\u0113s paturam ties\u012bbas periodiski atjaunin\u0101t \u0161os Noteikumus, lai atspogu\u013cotu izmai\u0146as m\u016bsu pakalpojumos vai attiec\u012bgajos likumos.<\/p><p>5.2. Jums ieteicams regul\u0101ri p\u0101rskat\u012bt \u0161os Noteikumus, lai b\u016btu inform\u0113ts par vis\u0101m izmai\u0146\u0101m.<\/p><p>\u00a0<\/p>\t\t\t\t\t\t<\/div>\n\t\t\t\t<\/div>\n\t\t\t\t\t<\/div>\n\t\t<\/div>\n\t\t\t\t\t\t\t<\/div>\n\t\t<\/section>\n\t\t\t\t\t\t\t<\/div>","protected":false},"excerpt":{"rendered":"<p>Pakalpojumu Noteikumi Pakalpojumu Noteikumi P\u0113d\u0113j\u0101s izmai\u0146as: 16.08.2023 Sveicin\u0101ti vietn\u0113 luxfood.lv! \u0160ie Pakalpojumu Noteikumi (turpm\u0101k &#8211; &#8220;Noteikumi&#8221;) nosaka nosac\u012bjumus un noteikumus, k\u0101d\u0101 veid\u0101 j\u016bs izmantojat un piek\u013c\u016bstat m\u016bsu pakalpojumiem, kas pieejami m\u0101jaslap\u0101 luxfood.lv, kas pieder SIA &#8220;AXI PACK&#8221;. L\u016bdzu, uzman\u012bgi izlasiet \u0161os Noteikumus, jo tie nosaka j\u016bsu saist\u012bbas un ties\u012bbas m\u016bsu m\u0101jaslapas izmanto\u0161an\u0101. 1. Piek\u013cuve un [&hellip;]<\/p>","protected":false},"author":1,"featured_media":0,"parent":0,"menu_order":0,"comment_status":"closed","ping_status":"closed","template":"","meta":{"om_disable_all_campaigns":false},"aioseo_notices":[],"_links":{"self":[{"href":"https:\/\/luxfood.lv\/lv\/wp-json\/wp\/v2\/pages\/4527"}],"collection":[{"href":"https:\/\/luxfood.lv\/lv\/wp-json\/wp\/v2\/pages"}],"about":[{"href":"https:\/\/luxfood.lv\/lv\/wp-json\/wp\/v2\/types\/page"}],"author":[{"embeddable":true,"href":"https:\/\/luxfood.lv\/lv\/wp-json\/wp\/v2\/users\/1"}],"replies":[{"embeddable":true,"href":"https:\/\/luxfood.lv\/lv\/wp-json\/wp\/v2\/comments?post=4527"}],"version-history":[{"count":23,"href":"https:\/\/luxfood.lv\/lv\/wp-json\/wp\/v2\/pages\/4527\/revisions"}],"predecessor-version":[{"id":4609,"href":"https:\/\/luxfood.lv\/lv\/wp-json\/wp\/v2\/pages\/4527\/revisions\/4609"}],"wp:attachment":[{"href":"https:\/\/luxfood.lv\/lv\/wp-json\/wp\/v2\/media?parent=4527"}],"curies":[{"name":"wp","href":"https:\/\/api.w.org\/{rel}","templated":true}]}}